{"id":828,"date":"2021-06-02T13:06:27","date_gmt":"2021-06-02T11:06:27","guid":{"rendered":"https:\/\/p-gnaak5.project.space\/ansprechpartner\/"},"modified":"2021-06-14T11:25:34","modified_gmt":"2021-06-14T09:25:34","slug":"contact-partners","status":"publish","type":"page","link":"https:\/\/www.vialit-austria.at\/en\/contact-partners\/","title":{"rendered":"Contact Partners"},"content":{"rendered":"\n<h2 class=\"wp-block-heading\">Gesch\u00e4ftsf\u00fchrung<\/h2>\n\n\n\n\n        \n\n\n    \n            <div class=\"ansprechpartner_wrap\">\n        <div class=\"ansprechpartner\">\n\t        <div class=\"profilbild\">\n\t\t        \t\t        \t<img decoding=\"async\" src=\"https:\/\/www.vialit-austria.at\/wp-content\/uploads\/2021\/06\/klaus_bode.jpg\">\n\t\t        \t        <\/div>\n\t        <div class=\"kontaktdaten\">\n            \t<h3>Klaus Bode<\/h3>\n            \t\t\t        \t<p class=\"funktion\">Gesch\u00e4ftsf\u00fchrer<\/p>\n\t\t        \t\t        \t\t        \t<p class=\"kontakt_link\">Tel: <a href=\"tel:00437722 62900-0\">+43 7722 62900-0<\/a><\/p>\n\t\t        \t\t        \t\t        \t\t        \t<p class=\"kontakt_link\">E-Mail: <a href=\"mailto:klaus.bode@vialit-austria.at\">klaus.bode@vialit-austria.at<\/a><\/p>\n\t\t        \t        <\/div>\n        <\/div>\n        <\/div>\n        \n\n\n\n\n\n<h2 class=\"wp-block-heading\">Au\u00dfendienst<\/h2>\n\n\n\n\n        \n\n\n    \n            <div class=\"ansprechpartner_wrap\">\n        <div class=\"ansprechpartner\">\n\t        <div class=\"profilbild\">\n\t\t        \t\t        \t<img decoding=\"async\" src=\"https:\/\/www.vialit-austria.at\/en\/\/wp-content\/uploads\/2021\/06\/avatar.png\">\n\t\t        \t        <\/div>\n\t        <div class=\"kontaktdaten\">\n            \t<h3>Frau Musterfrau<\/h3>\n            \t\t\t        \t<p class=\"funktion\">Buchhaltung<\/p>\n\t\t        \t\t        \t\t        \t<p class=\"kontakt_link\">Tel: <a href=\"tel:00437722 629 77-39\">+43 7722 629 77-39<\/a><\/p>\n\t\t        \t\t        \t\t        \t<p class=\"kontakt_link\">Mobil: <a href=\"tel:00437722 629 77-39\">+43 7722 629 77-39<\/a><\/p>\n\t\t        \t\t        \t\t        \t<p class=\"kontakt_link\">E-Mail: <a href=\"mailto:test@mail.com\">test@mail.com<\/a><\/p>\n\t\t        \t        <\/div>\n        <\/div>\n        <\/div>\n            <div class=\"ansprechpartner_wrap\">\n        <div class=\"ansprechpartner\">\n\t        <div class=\"profilbild\">\n\t\t        \t\t        \t<img decoding=\"async\" src=\"https:\/\/www.vialit-austria.at\/wp-content\/uploads\/2021\/06\/avatar.webp\">\n\t\t        \t        <\/div>\n\t        <div class=\"kontaktdaten\">\n            \t<h3>Max Mustermann<\/h3>\n            \t\t\t        \t<p class=\"funktion\">Technik<\/p>\n\t\t        \t\t        \t\t        \t<p class=\"kontakt_link\">Tel: <a href=\"tel:00437722 629 77-00\">+43 7722 629 77-00<\/a><\/p>\n\t\t        \t\t        \t\t        \t        <\/div>\n        <\/div>\n        <\/div>\n            <div class=\"ansprechpartner_wrap\">\n        <div class=\"ansprechpartner\">\n\t        <div class=\"profilbild\">\n\t\t        \t\t        \t<img decoding=\"async\" src=\"https:\/\/www.vialit-austria.at\/wp-content\/uploads\/2021\/06\/klaus_bode.jpg\">\n\t\t        \t        <\/div>\n\t        <div class=\"kontaktdaten\">\n            \t<h3>Klaus Bode<\/h3>\n            \t\t\t        \t<p class=\"funktion\">Gesch\u00e4ftsf\u00fchrer<\/p>\n\t\t        \t\t        \t\t        \t<p class=\"kontakt_link\">Tel: <a href=\"tel:00437722 62900-0\">+43 7722 62900-0<\/a><\/p>\n\t\t        \t\t        \t\t        \t\t        \t<p class=\"kontakt_link\">E-Mail: <a href=\"mailto:klaus.bode@vialit-austria.at\">klaus.bode@vialit-austria.at<\/a><\/p>\n\t\t        \t        <\/div>\n        <\/div>\n        <\/div>\n        \n\n\n\n\n\n<div class=\"wp-block-columns are-vertically-aligned-center ansprechpartner is-layout-flex wp-container-core-columns-is-layout-9d6595d7 wp-block-columns-is-layout-flex\">\n<div class=\"wp-block-column is-vertically-aligned-center is-layout-flow wp-block-column-is-layout-flow\">\n<div class=\"wp-block-columns is-layout-flex wp-container-core-columns-is-layout-9d6595d7 wp-block-columns-is-layout-flex\">\n<div class=\"wp-block-column is-layout-flow wp-block-column-is-layout-flow\" style=\"flex-basis:245px\">\n<figure class=\"wp-block-image size-medium\"><img loading=\"lazy\" decoding=\"async\" width=\"262\" height=\"300\" src=\"https:\/\/www.vialit-austria.at\/wp-content\/uploads\/2021\/06\/Gruppe-88-262x300.jpg\" alt=\"\" class=\"wp-image-502\" srcset=\"https:\/\/www.vialit-austria.at\/wp-content\/uploads\/2021\/06\/Gruppe-88-262x300.jpg 262w, https:\/\/www.vialit-austria.at\/wp-content\/uploads\/2021\/06\/Gruppe-88.jpg 316w\" sizes=\"auto, (max-width: 262px) 100vw, 262px\" \/><\/figure>\n<\/div>\n\n\n\n<div class=\"wp-block-column is-layout-flow wp-block-column-is-layout-flow\">\n<h2 class=\"wp-block-heading\">Klaus Bode<\/h2>\n\n\n\n<p>Kaufm\u00e4nnischer Gesch\u00e4ftsf\u00fchrer<\/p>\n\n\n\n<p>Tel: <a href=\"tel:004377226297739\">+43 7722 629 77-39<\/a><br>Mobil: <a href=\"tel:00436648512050\">+43 664 \/ 85 12 050<\/a><br>E-Mail: <a href=\"mailto:klaus.bode@vialit.at\">klaus.bode@vialit.at<\/a><\/p>\n<\/div>\n<\/div>\n<\/div>\n\n\n\n<div class=\"wp-block-column is-vertically-aligned-center is-layout-flow wp-block-column-is-layout-flow\"><\/div>\n<\/div>\n","protected":false},"excerpt":{"rendered":"<p>Gesch\u00e4ftsf\u00fchrung Au\u00dfendienst Klaus Bode Kaufm\u00e4nnischer Gesch\u00e4ftsf\u00fchrer Tel: +43 7722 629 77-39Mobil: +43 664 \/ 85 12 050E-Mail: klaus.bode@vialit.at<\/p>\n","protected":false},"author":8,"featured_media":0,"parent":0,"menu_order":0,"comment_status":"closed","ping_status":"closed","template":"","meta":{"_acf_changed":false,"_genesis_hide_title":false,"_genesis_hide_breadcrumbs":true,"_genesis_hide_singular_image":false,"_genesis_hide_footer_widgets":false,"_genesis_custom_body_class":"","_genesis_custom_post_class":"","_genesis_layout":"","footnotes":""},"class_list":{"0":"post-828","1":"page","2":"type-page","3":"status-publish","5":"entry"},"acf":[],"_links":{"self":[{"href":"https:\/\/www.vialit-austria.at\/en\/wp-json\/wp\/v2\/pages\/828","targetHints":{"allow":["GET"]}}],"collection":[{"href":"https:\/\/www.vialit-austria.at\/en\/wp-json\/wp\/v2\/pages"}],"about":[{"href":"https:\/\/www.vialit-austria.at\/en\/wp-json\/wp\/v2\/types\/page"}],"author":[{"embeddable":true,"href":"https:\/\/www.vialit-austria.at\/en\/wp-json\/wp\/v2\/users\/8"}],"replies":[{"embeddable":true,"href":"https:\/\/www.vialit-austria.at\/en\/wp-json\/wp\/v2\/comments?post=828"}],"version-history":[{"count":2,"href":"https:\/\/www.vialit-austria.at\/en\/wp-json\/wp\/v2\/pages\/828\/revisions"}],"predecessor-version":[{"id":998,"href":"https:\/\/www.vialit-austria.at\/en\/wp-json\/wp\/v2\/pages\/828\/revisions\/998"}],"wp:attachment":[{"href":"https:\/\/www.vialit-austria.at\/en\/wp-json\/wp\/v2\/media?parent=828"}],"curies":[{"name":"wp","href":"https:\/\/api.w.org\/{rel}","templated":true}]}}